{"id":12,"date":"2025-05-18T14:16:22","date_gmt":"2025-05-18T17:16:22","guid":{"rendered":"https:\/\/marsala.com.br\/?page_id=12"},"modified":"2026-03-21T20:47:54","modified_gmt":"2026-03-21T23:47:54","slug":"inicio","status":"publish","type":"page","link":"https:\/\/marsala.com.br\/","title":{"rendered":"In\u00edcio"},"content":{"rendered":"\t\t<div data-elementor-type=\"wp-page\" data-elementor-id=\"12\" class=\"elementor elementor-12\" data-elementor-post-type=\"page\">\n\t\t\t\t<div class=\"elementor-element elementor-element-8c5b662 e-flex e-con-boxed e-con e-parent\" data-id=\"8c5b662\" data-element_type=\"container\" data-settings=\"{&quot;background_background&quot;:&quot;classic&quot;,&quot;position&quot;:&quot;fixed&quot;}\">\n\t\t\t\t\t<div class=\"e-con-inner\">\n\t\t<div class=\"elementor-element elementor-element-ecdc3c3 e-con-full e-flex e-con e-child\" data-id=\"ecdc3c3\" data-element_type=\"container\">\n\t\t\t\t<div class=\"elementor-element elementor-element-2b5d49a elementor-icon-list--layout-inline elementor-tablet-align-left elementor-list-item-link-full_width elementor-widget elementor-widget-icon-list\" data-id=\"2b5d49a\" data-element_type=\"widget\" data-widget_type=\"icon-list.default\">\n\t\t\t\t<div class=\"elementor-widget-container\">\n\t\t\t\t\t\t\t<ul class=\"elementor-icon-list-items elementor-inline-items\">\n\t\t\t\t\t\t\t<li class=\"elementor-icon-list-item elementor-inline-item\">\n\t\t\t\t\t\t\t\t\t\t\t<a href=\"https:\/\/marsala.com.br\/\">\n\n\t\t\t\t\t\t\t\t\t\t\t<span class=\"elementor-icon-list-text\">In\u00edcio<\/span>\n\t\t\t\t\t\t\t\t\t\t\t<\/a>\n\t\t\t\t\t\t\t\t\t<\/li>\n\t\t\t\t\t\t\t\t<li class=\"elementor-icon-list-item elementor-inline-item\">\n\t\t\t\t\t\t\t\t\t\t\t<a href=\"https:\/\/marsala.com.br\/index.php\/inicio\/sobre\/\">\n\n\t\t\t\t\t\t\t\t\t\t\t<span class=\"elementor-icon-list-text\">Sobre<\/span>\n\t\t\t\t\t\t\t\t\t\t\t<\/a>\n\t\t\t\t\t\t\t\t\t<\/li>\n\t\t\t\t\t\t\t\t<li class=\"elementor-icon-list-item elementor-inline-item\">\n\t\t\t\t\t\t\t\t\t\t\t<a href=\"https:\/\/marsala.com.br\/index.php\/inicio\/produtos\/\">\n\n\t\t\t\t\t\t\t\t\t\t\t<span class=\"elementor-icon-list-text\">Produtos<\/span>\n\t\t\t\t\t\t\t\t\t\t\t<\/a>\n\t\t\t\t\t\t\t\t\t<\/li>\n\t\t\t\t\t\t\t\t<li class=\"elementor-icon-list-item elementor-inline-item\">\n\t\t\t\t\t\t\t\t\t\t\t<a href=\"https:\/\/marsala.com.br\/index.php\/inicio\/contato\/\">\n\n\t\t\t\t\t\t\t\t\t\t\t<span class=\"elementor-icon-list-text\">Contato<\/span>\n\t\t\t\t\t\t\t\t\t\t\t<\/a>\n\t\t\t\t\t\t\t\t\t<\/li>\n\t\t\t\t\t\t\t\t<li class=\"elementor-icon-list-item elementor-inline-item\">\n\t\t\t\t\t\t\t\t\t\t\t<a href=\"https:\/\/marsala.com.br\/index.php\/inicio\/relatorio-de-transparencia-e-igualdade\/\">\n\n\t\t\t\t\t\t\t\t\t\t\t<span class=\"elementor-icon-list-text\">Transpar\u00eancia<\/span>\n\t\t\t\t\t\t\t\t\t\t\t<\/a>\n\t\t\t\t\t\t\t\t\t<\/li>\n\t\t\t\t\t\t<\/ul>\n\t\t\t\t\t\t<\/div>\n\t\t\t\t<\/div>\n\t\t\t\t<\/div>\n\t\t<div class=\"elementor-element elementor-element-8f4f4c6 e-con-full e-flex e-con e-child\" data-id=\"8f4f4c6\" data-element_type=\"container\">\n\t\t\t\t<div class=\"elementor-element elementor-element-44da1f8 elementor-widget elementor-widget-image\" data-id=\"44da1f8\" data-element_type=\"widget\" data-widget_type=\"image.default\">\n\t\t\t\t<div class=\"elementor-widget-container\">\n\t\t\t\t\t\t\t\t\t\t\t\t\t\t\t\t<a href=\"https:\/\/marsala.com.br\/\">\n\t\t\t\t\t\t\t<img decoding=\"async\" width=\"235\" height=\"124\" src=\"https:\/\/marsala.com.br\/wp-content\/uploads\/2025\/05\/Marsala-Fundo-Claro-1.png\" class=\"attachment-full size-full wp-image-28\" alt=\"\" \/>\t\t\t\t\t\t\t\t<\/a>\n\t\t\t\t\t\t\t\t\t\t\t\t\t\t\t<\/div>\n\t\t\t\t<\/div>\n\t\t\t\t<\/div>\n\t\t<div class=\"elementor-element elementor-element-fd165bc e-con-full e-flex e-con e-child\" data-id=\"fd165bc\" data-element_type=\"container\">\n\t\t\t\t<div class=\"elementor-element elementor-element-0a99aa3 elementor-widget elementor-widget-button\" data-id=\"0a99aa3\" data-element_type=\"widget\" data-widget_type=\"button.default\">\n\t\t\t\t<div class=\"elementor-widget-container\">\n\t\t\t\t\t\t\t\t\t<div class=\"elementor-button-wrapper\">\n\t\t\t\t\t<a class=\"elementor-button elementor-button-link elementor-size-sm\" href=\"https:\/\/marsala.com.br\/\">\n\t\t\t\t\t\t<span class=\"elementor-button-content-wrapper\">\n\t\t\t\t\t\t\t\t\t<span class=\"elementor-button-text\">PT<\/span>\n\t\t\t\t\t<\/span>\n\t\t\t\t\t<\/a>\n\t\t\t\t<\/div>\n\t\t\t\t\t\t\t\t<\/div>\n\t\t\t\t<\/div>\n\t\t\t\t<div class=\"elementor-element elementor-element-cd1f01c elementor-widget elementor-widget-button\" data-id=\"cd1f01c\" data-element_type=\"widget\" data-widget_type=\"button.default\">\n\t\t\t\t<div class=\"elementor-widget-container\">\n\t\t\t\t\t\t\t\t\t<div class=\"elementor-button-wrapper\">\n\t\t\t\t\t<a class=\"elementor-button elementor-button-link elementor-size-sm\" href=\"https:\/\/marsala.com.br\/index.php\/home\/\">\n\t\t\t\t\t\t<span class=\"elementor-button-content-wrapper\">\n\t\t\t\t\t\t\t\t\t<span class=\"elementor-button-text\">EN<\/span>\n\t\t\t\t\t<\/span>\n\t\t\t\t\t<\/a>\n\t\t\t\t<\/div>\n\t\t\t\t\t\t\t\t<\/div>\n\t\t\t\t<\/div>\n\t\t\t\t<\/div>\n\t\t\t\t\t<\/div>\n\t\t\t\t<\/div>\n\t\t<div class=\"elementor-element elementor-element-d7b98c7 e-con-full e-flex e-con e-parent\" data-id=\"d7b98c7\" data-element_type=\"container\">\n\t\t\t\t<div class=\"elementor-element elementor-element-e62a33c elementor-widget__width-initial elementor-pagination-position-inside elementor-widget elementor-widget-image-carousel\" data-id=\"e62a33c\" data-element_type=\"widget\" data-settings=\"{&quot;slides_to_show&quot;:&quot;1&quot;,&quot;navigation&quot;:&quot;dots&quot;,&quot;autoplay_speed&quot;:9000,&quot;speed&quot;:300,&quot;autoplay&quot;:&quot;yes&quot;,&quot;pause_on_hover&quot;:&quot;yes&quot;,&quot;pause_on_interaction&quot;:&quot;yes&quot;,&quot;infinite&quot;:&quot;yes&quot;,&quot;effect&quot;:&quot;slide&quot;}\" data-widget_type=\"image-carousel.default\">\n\t\t\t\t<div class=\"elementor-widget-container\">\n\t\t\t\t\t\t\t<div class=\"elementor-image-carousel-wrapper swiper\" role=\"region\" aria-roledescription=\"carousel\" aria-label=\"Carrossel de imagens\" dir=\"ltr\">\n\t\t\t<div class=\"elementor-image-carousel swiper-wrapper swiper-image-stretch\" aria-live=\"off\">\n\t\t\t\t\t\t\t\t<div class=\"swiper-slide\" role=\"group\" aria-roledescription=\"slide\" aria-label=\"1 de 2\"><figure class=\"swiper-slide-inner\"><img decoding=\"async\" class=\"swiper-slide-image\" src=\"https:\/\/marsala.com.br\/wp-content\/uploads\/2026\/02\/WhatsApp-Image-2026-02-09-at-17.13.51.jpeg\" alt=\"WhatsApp Image 2026-02-09 at 17.13.51\" \/><\/figure><\/div><div class=\"swiper-slide\" role=\"group\" aria-roledescription=\"slide\" aria-label=\"2 de 2\"><figure class=\"swiper-slide-inner\"><img decoding=\"async\" class=\"swiper-slide-image\" src=\"https:\/\/marsala.com.br\/wp-content\/uploads\/2026\/02\/WhatsApp-Image-2026-02-09-at-17.14.01.jpeg\" alt=\"WhatsApp Image 2026-02-09 at 17.14.01\" \/><\/figure><\/div>\t\t\t<\/div>\n\t\t\t\t\t\t\t\n\t\t\t\t\t\t\t\t\t<div class=\"swiper-pagination\"><\/div>\n\t\t\t\t\t\t\t\t\t<\/div>\n\t\t\t\t\t\t<\/div>\n\t\t\t\t<\/div>\n\t\t\t\t<\/div>\n\t\t<div class=\"elementor-element elementor-element-0c13e7c e-flex e-con-boxed e-con e-parent\" data-id=\"0c13e7c\" data-element_type=\"container\">\n\t\t\t\t\t<div class=\"e-con-inner\">\n\t\t\t\t<div class=\"elementor-element elementor-element-3b8e614 elementor-widget elementor-widget-heading\" data-id=\"3b8e614\" data-element_type=\"widget\" data-widget_type=\"heading.default\">\n\t\t\t\t<div class=\"elementor-widget-container\">\n\t\t\t\t\t<h2 class=\"elementor-heading-title elementor-size-default\">Diversas Massas <b>Recheadas<\/b><\/h2>\t\t\t\t<\/div>\n\t\t\t\t<\/div>\n\t\t\t\t<div class=\"elementor-element elementor-element-49883f9 elementor-widget elementor-widget-text-editor\" data-id=\"49883f9\" data-element_type=\"widget\" data-widget_type=\"text-editor.default\">\n\t\t\t\t<div class=\"elementor-widget-container\">\n\t\t\t\t\t\t\t\t\t<p>Nhoque de Batata, Ravioli de 4 Queijos, Frango, Capeleti de Carne, entre outros sabores.<\/p>\t\t\t\t\t\t\t\t<\/div>\n\t\t\t\t<\/div>\n\t\t<div class=\"elementor-element elementor-element-d51111f e-con-full e-flex e-con e-child\" data-id=\"d51111f\" data-element_type=\"container\">\n\t\t<div class=\"elementor-element elementor-element-15996d4 e-con-full e-flex e-con e-child\" data-id=\"15996d4\" data-element_type=\"container\">\n\t\t\t\t<div class=\"elementor-element elementor-element-3e130cd elementor-widget elementor-widget-image\" data-id=\"3e130cd\" data-element_type=\"widget\" data-widget_type=\"image.default\">\n\t\t\t\t<div class=\"elementor-widget-container\">\n\t\t\t\t\t\t\t\t\t\t\t\t<figure class=\"wp-caption\">\n\t\t\t\t\t\t\t\t\t\t<img fetchpriority=\"high\" decoding=\"async\" width=\"227\" height=\"300\" src=\"https:\/\/marsala.com.br\/wp-content\/uploads\/2025\/05\/NQ-Nhoque-de-batata-500g-227x300.png\" class=\"attachment-medium size-medium wp-image-39\" alt=\"\" srcset=\"https:\/\/marsala.com.br\/wp-content\/uploads\/2025\/05\/NQ-Nhoque-de-batata-500g-227x300.png 227w, https:\/\/marsala.com.br\/wp-content\/uploads\/2025\/05\/NQ-Nhoque-de-batata-500g-773x1024.png 773w, https:\/\/marsala.com.br\/wp-content\/uploads\/2025\/05\/NQ-Nhoque-de-batata-500g-768x1017.png 768w, https:\/\/marsala.com.br\/wp-content\/uploads\/2025\/05\/NQ-Nhoque-de-batata-500g-scaled.png 1933w\" sizes=\"(max-width: 227px) 100vw, 227px\" \/>\t\t\t\t\t\t\t\t\t\t\t<figcaption class=\"widget-image-caption wp-caption-text\">Nhoque de batata 500g<\/figcaption>\n\t\t\t\t\t\t\t\t\t\t<\/figure>\n\t\t\t\t\t\t\t\t\t<\/div>\n\t\t\t\t<\/div>\n\t\t\t\t<\/div>\n\t\t<div class=\"elementor-element elementor-element-d7a21a5 e-con-full e-flex e-con e-child\" data-id=\"d7a21a5\" data-element_type=\"container\">\n\t\t\t\t<div class=\"elementor-element elementor-element-56ff448 elementor-widget elementor-widget-image\" data-id=\"56ff448\" data-element_type=\"widget\" data-widget_type=\"image.default\">\n\t\t\t\t<div class=\"elementor-widget-container\">\n\t\t\t\t\t\t\t\t\t\t\t\t<figure class=\"wp-caption\">\n\t\t\t\t\t\t\t\t\t\t<img decoding=\"async\" width=\"225\" height=\"300\" src=\"https:\/\/marsala.com.br\/wp-content\/uploads\/2025\/05\/RVQ-Ravioli-de-4-queijos-250g-scaled.png\" class=\"attachment-medium size-medium wp-image-40\" alt=\"\" \/>\t\t\t\t\t\t\t\t\t\t\t<figcaption class=\"widget-image-caption wp-caption-text\">Ravioli de 4 queijos 250g<\/figcaption>\n\t\t\t\t\t\t\t\t\t\t<\/figure>\n\t\t\t\t\t\t\t\t\t<\/div>\n\t\t\t\t<\/div>\n\t\t\t\t<\/div>\n\t\t<div class=\"elementor-element elementor-element-975f4f9 e-con-full e-flex e-con e-child\" data-id=\"975f4f9\" data-element_type=\"container\">\n\t\t\t\t<div class=\"elementor-element elementor-element-6d7ae55 elementor-widget elementor-widget-image\" data-id=\"6d7ae55\" data-element_type=\"widget\" data-widget_type=\"image.default\">\n\t\t\t\t<div class=\"elementor-widget-container\">\n\t\t\t\t\t\t\t\t\t\t\t\t<figure class=\"wp-caption\">\n\t\t\t\t\t\t\t\t\t\t<img loading=\"lazy\" decoding=\"async\" width=\"225\" height=\"300\" src=\"https:\/\/marsala.com.br\/wp-content\/uploads\/2025\/05\/Capeleti_de_frango_250g-225x300.jpg\" class=\"attachment-medium size-medium wp-image-57\" alt=\"\" srcset=\"https:\/\/marsala.com.br\/wp-content\/uploads\/2025\/05\/Capeleti_de_frango_250g-225x300.jpg 225w, https:\/\/marsala.com.br\/wp-content\/uploads\/2025\/05\/Capeleti_de_frango_250g-768x1024.jpg 768w, https:\/\/marsala.com.br\/wp-content\/uploads\/2025\/05\/Capeleti_de_frango_250g-1152x1536.jpg 1152w, https:\/\/marsala.com.br\/wp-content\/uploads\/2025\/05\/Capeleti_de_frango_250g-1536x2048.jpg 1536w, https:\/\/marsala.com.br\/wp-content\/uploads\/2025\/05\/Capeleti_de_frango_250g-scaled.jpg 1920w\" sizes=\"(max-width: 225px) 100vw, 225px\" \/>\t\t\t\t\t\t\t\t\t\t\t<figcaption class=\"widget-image-caption wp-caption-text\">Capeleti de frango 250g<\/figcaption>\n\t\t\t\t\t\t\t\t\t\t<\/figure>\n\t\t\t\t\t\t\t\t\t<\/div>\n\t\t\t\t<\/div>\n\t\t\t\t<\/div>\n\t\t<div class=\"elementor-element elementor-element-0b126f9 e-con-full e-flex e-con e-child\" data-id=\"0b126f9\" data-element_type=\"container\">\n\t\t\t\t<div class=\"elementor-element elementor-element-fc1e6df elementor-widget elementor-widget-image\" data-id=\"fc1e6df\" data-element_type=\"widget\" data-widget_type=\"image.default\">\n\t\t\t\t<div class=\"elementor-widget-container\">\n\t\t\t\t\t\t\t\t\t\t\t\t<figure class=\"wp-caption\">\n\t\t\t\t\t\t\t\t\t\t<img loading=\"lazy\" decoding=\"async\" width=\"226\" height=\"300\" src=\"https:\/\/marsala.com.br\/wp-content\/uploads\/2025\/05\/Capeleti_de_carne_250g-226x300.jpg\" class=\"attachment-medium size-medium wp-image-56\" alt=\"\" srcset=\"https:\/\/marsala.com.br\/wp-content\/uploads\/2025\/05\/Capeleti_de_carne_250g-226x300.jpg 226w, https:\/\/marsala.com.br\/wp-content\/uploads\/2025\/05\/Capeleti_de_carne_250g-771x1024.jpg 771w, https:\/\/marsala.com.br\/wp-content\/uploads\/2025\/05\/Capeleti_de_carne_250g-768x1020.jpg 768w, https:\/\/marsala.com.br\/wp-content\/uploads\/2025\/05\/Capeleti_de_carne_250g-1156x1536.jpg 1156w, https:\/\/marsala.com.br\/wp-content\/uploads\/2025\/05\/Capeleti_de_carne_250g-1542x2048.jpg 1542w, https:\/\/marsala.com.br\/wp-content\/uploads\/2025\/05\/Capeleti_de_carne_250g-scaled.jpg 1927w\" sizes=\"(max-width: 226px) 100vw, 226px\" \/>\t\t\t\t\t\t\t\t\t\t\t<figcaption class=\"widget-image-caption wp-caption-text\">Capeleti de carne 250g<\/figcaption>\n\t\t\t\t\t\t\t\t\t\t<\/figure>\n\t\t\t\t\t\t\t\t\t<\/div>\n\t\t\t\t<\/div>\n\t\t\t\t<\/div>\n\t\t\t\t<\/div>\n\t\t\t\t<div class=\"elementor-element elementor-element-a3057e9 elementor-widget elementor-widget-heading\" data-id=\"a3057e9\" data-element_type=\"widget\" data-widget_type=\"heading.default\">\n\t\t\t\t<div class=\"elementor-widget-container\">\n\t\t\t\t\t<h2 class=\"elementor-heading-title elementor-size-default\">Outros <b>Produtos<\/b><\/h2>\t\t\t\t<\/div>\n\t\t\t\t<\/div>\n\t\t<div class=\"elementor-element elementor-element-715f5c4 e-con-full e-flex e-con e-child\" data-id=\"715f5c4\" data-element_type=\"container\">\n\t\t<div class=\"elementor-element elementor-element-c1b15a1 e-con-full e-flex e-con e-child\" data-id=\"c1b15a1\" data-element_type=\"container\">\n\t\t\t\t<div class=\"elementor-element elementor-element-cfdbd17 elementor-widget elementor-widget-image\" data-id=\"cfdbd17\" data-element_type=\"widget\" data-widget_type=\"image.default\">\n\t\t\t\t<div class=\"elementor-widget-container\">\n\t\t\t\t\t\t\t\t\t\t\t\t<figure class=\"wp-caption\">\n\t\t\t\t\t\t\t\t\t\t<img loading=\"lazy\" decoding=\"async\" width=\"300\" height=\"194\" src=\"https:\/\/marsala.com.br\/wp-content\/uploads\/2025\/05\/PAT-Pao-de-Alho-tradicional-450g-300x194.png\" class=\"attachment-medium size-medium wp-image-67\" alt=\"\" srcset=\"https:\/\/marsala.com.br\/wp-content\/uploads\/2025\/05\/PAT-Pao-de-Alho-tradicional-450g-300x194.png 300w, https:\/\/marsala.com.br\/wp-content\/uploads\/2025\/05\/PAT-Pao-de-Alho-tradicional-450g-1024x661.png 1024w, https:\/\/marsala.com.br\/wp-content\/uploads\/2025\/05\/PAT-Pao-de-Alho-tradicional-450g-768x496.png 768w, https:\/\/marsala.com.br\/wp-content\/uploads\/2025\/05\/PAT-Pao-de-Alho-tradicional-450g-1536x991.png 1536w\" sizes=\"(max-width: 300px) 100vw, 300px\" \/>\t\t\t\t\t\t\t\t\t\t\t<figcaption class=\"widget-image-caption wp-caption-text\">P\u00e3o de Alho tradicional 450g<\/figcaption>\n\t\t\t\t\t\t\t\t\t\t<\/figure>\n\t\t\t\t\t\t\t\t\t<\/div>\n\t\t\t\t<\/div>\n\t\t\t\t<\/div>\n\t\t<div class=\"elementor-element elementor-element-74efb18 e-con-full e-flex e-con e-child\" data-id=\"74efb18\" data-element_type=\"container\">\n\t\t\t\t<div class=\"elementor-element elementor-element-757ef34 elementor-widget elementor-widget-image\" data-id=\"757ef34\" data-element_type=\"widget\" data-widget_type=\"image.default\">\n\t\t\t\t<div class=\"elementor-widget-container\">\n\t\t\t\t\t\t\t\t\t\t\t\t<figure class=\"wp-caption\">\n\t\t\t\t\t\t\t\t\t\t<img loading=\"lazy\" decoding=\"async\" width=\"800\" height=\"507\" src=\"https:\/\/marsala.com.br\/wp-content\/uploads\/2025\/05\/PAP-Pao-de-alho-picante-450g-1024x649.png\" class=\"attachment-large size-large wp-image-71\" alt=\"\" srcset=\"https:\/\/marsala.com.br\/wp-content\/uploads\/2025\/05\/PAP-Pao-de-alho-picante-450g-1024x649.png 1024w, https:\/\/marsala.com.br\/wp-content\/uploads\/2025\/05\/PAP-Pao-de-alho-picante-450g-300x190.png 300w, https:\/\/marsala.com.br\/wp-content\/uploads\/2025\/05\/PAP-Pao-de-alho-picante-450g-768x487.png 768w, https:\/\/marsala.com.br\/wp-content\/uploads\/2025\/05\/PAP-Pao-de-alho-picante-450g-1536x974.png 1536w, https:\/\/marsala.com.br\/wp-content\/uploads\/2025\/05\/PAP-Pao-de-alho-picante-450g-2048x1298.png 2048w\" sizes=\"(max-width: 800px) 100vw, 800px\" \/>\t\t\t\t\t\t\t\t\t\t\t<figcaption class=\"widget-image-caption wp-caption-text\">P\u00e3o de alho picante 450g<\/figcaption>\n\t\t\t\t\t\t\t\t\t\t<\/figure>\n\t\t\t\t\t\t\t\t\t<\/div>\n\t\t\t\t<\/div>\n\t\t\t\t<\/div>\n\t\t<div class=\"elementor-element elementor-element-b531bc0 e-con-full e-flex e-con e-child\" data-id=\"b531bc0\" data-element_type=\"container\">\n\t\t\t\t<\/div>\n\t\t<div class=\"elementor-element elementor-element-ac11ead e-con-full e-flex e-con e-child\" data-id=\"ac11ead\" data-element_type=\"container\">\n\t\t\t\t<\/div>\n\t\t\t\t<\/div>\n\t\t\t\t\t<\/div>\n\t\t\t\t<\/div>\n\t\t<div class=\"elementor-element elementor-element-6a3973e e-flex e-con-boxed e-con e-parent\" data-id=\"6a3973e\" data-element_type=\"container\" data-settings=\"{&quot;background_background&quot;:&quot;classic&quot;}\">\n\t\t\t\t\t<div class=\"e-con-inner\">\n\t\t<div class=\"elementor-element elementor-element-b76c2fa e-con-full e-flex e-con e-child\" data-id=\"b76c2fa\" data-element_type=\"container\">\n\t\t\t\t<div class=\"elementor-element elementor-element-4bb7157 elementor-absolute elementor-widget elementor-widget-image\" data-id=\"4bb7157\" data-element_type=\"widget\" data-settings=\"{&quot;_position&quot;:&quot;absolute&quot;}\" data-widget_type=\"image.default\">\n\t\t\t\t<div class=\"elementor-widget-container\">\n\t\t\t\t\t\t\t\t\t\t\t\t\t\t\t<img loading=\"lazy\" decoding=\"async\" width=\"704\" height=\"622\" src=\"https:\/\/marsala.com.br\/wp-content\/uploads\/2025\/05\/Asset-2.png\" class=\"attachment-large size-large wp-image-76\" alt=\"\" srcset=\"https:\/\/marsala.com.br\/wp-content\/uploads\/2025\/05\/Asset-2.png 704w, https:\/\/marsala.com.br\/wp-content\/uploads\/2025\/05\/Asset-2-300x265.png 300w\" sizes=\"(max-width: 704px) 100vw, 704px\" \/>\t\t\t\t\t\t\t\t\t\t\t\t\t\t\t<\/div>\n\t\t\t\t<\/div>\n\t\t\t\t<\/div>\n\t\t<div class=\"elementor-element elementor-element-b52c84d e-con-full e-flex e-con e-child\" data-id=\"b52c84d\" data-element_type=\"container\">\n\t\t\t\t<div class=\"elementor-element elementor-element-c48b155 elementor-widget-mobile__width-inherit elementor-widget elementor-widget-heading\" data-id=\"c48b155\" data-element_type=\"widget\" data-widget_type=\"heading.default\">\n\t\t\t\t<div class=\"elementor-widget-container\">\n\t\t\t\t\t<h2 class=\"elementor-heading-title elementor-size-default\">Experimente e Surprenda-se!<\/h2>\t\t\t\t<\/div>\n\t\t\t\t<\/div>\n\t\t\t\t<div class=\"elementor-element elementor-element-d074ac6 elementor-widget elementor-widget-text-editor\" data-id=\"d074ac6\" data-element_type=\"widget\" data-widget_type=\"text-editor.default\">\n\t\t\t\t<div class=\"elementor-widget-container\">\n\t\t\t\t\t\t\t\t\t<p>Os produtos Marsala s\u00e3o produzidos com a melhor mat\u00e9ria-prima que existe no mercado, o que empresta um sabor inconfund\u00edvel \u00e0 mesa do consumidor.<\/p><p>Cada ingrediente \u00e9 cuidadosamente escolhido e manuseado para que n\u00e3o perca seu sabor caracter\u00edstico. Com tecnologia de ponta e um rigoroso controle de qualidade, os produtos Marsala levam a garantia de qualidade de um produto que dispensa maiores coment\u00e1rios.<\/p>\t\t\t\t\t\t\t\t<\/div>\n\t\t\t\t<\/div>\n\t\t\t\t<div class=\"elementor-element elementor-element-5467666 elementor-align-left elementor-mobile-align-center elementor-widget elementor-widget-button\" data-id=\"5467666\" data-element_type=\"widget\" data-widget_type=\"button.default\">\n\t\t\t\t<div class=\"elementor-widget-container\">\n\t\t\t\t\t\t\t\t\t<div class=\"elementor-button-wrapper\">\n\t\t\t\t\t<a class=\"elementor-button elementor-button-link elementor-size-sm\" href=\"https:\/\/marsala.com.br\/index.php\/inicio\/sobre\/\">\n\t\t\t\t\t\t<span class=\"elementor-button-content-wrapper\">\n\t\t\t\t\t\t\t\t\t<span class=\"elementor-button-text\">Conhe\u00e7a<\/span>\n\t\t\t\t\t<\/span>\n\t\t\t\t\t<\/a>\n\t\t\t\t<\/div>\n\t\t\t\t\t\t\t\t<\/div>\n\t\t\t\t<\/div>\n\t\t\t\t<\/div>\n\t\t\t\t\t<\/div>\n\t\t\t\t<\/div>\n\t\t<div class=\"elementor-element elementor-element-1878ecf e-flex e-con-boxed e-con e-parent\" data-id=\"1878ecf\" data-element_type=\"container\">\n\t\t\t\t\t<div class=\"e-con-inner\">\n\t\t<div class=\"elementor-element elementor-element-b529e31 e-con-full e-flex e-con e-child\" data-id=\"b529e31\" data-element_type=\"container\">\n\t\t<div class=\"elementor-element elementor-element-86ebc85 e-con-full e-flex e-con e-child\" data-id=\"86ebc85\" data-element_type=\"container\">\n\t\t\t\t<div class=\"elementor-element elementor-element-658da06 elementor-view-default elementor-widget elementor-widget-icon\" data-id=\"658da06\" data-element_type=\"widget\" data-widget_type=\"icon.default\">\n\t\t\t\t<div class=\"elementor-widget-container\">\n\t\t\t\t\t\t\t<div class=\"elementor-icon-wrapper\">\n\t\t\t<a class=\"elementor-icon\" href=\"https:\/\/www.facebook.com\/MarsalaAlimentos\">\n\t\t\t<svg aria-hidden=\"true\" class=\"e-font-icon-svg e-fab-facebook\" viewBox=\"0 0 512 512\" xmlns=\"http:\/\/www.w3.org\/2000\/svg\"><path d=\"M504 256C504 119 393 8 256 8S8 119 8 256c0 123.78 90.69 226.38 209.25 245V327.69h-63V256h63v-54.64c0-62.15 37-96.48 93.67-96.48 27.14 0 55.52 4.84 55.52 4.84v61h-31.28c-30.8 0-40.41 19.12-40.41 38.73V256h68.78l-11 71.69h-57.78V501C413.31 482.38 504 379.78 504 256z\"><\/path><\/svg>\t\t\t<\/a>\n\t\t<\/div>\n\t\t\t\t\t\t<\/div>\n\t\t\t\t<\/div>\n\t\t\t\t<div class=\"elementor-element elementor-element-1943c85 elementor-widget__width-initial elementor-view-default elementor-widget elementor-widget-icon\" data-id=\"1943c85\" data-element_type=\"widget\" data-widget_type=\"icon.default\">\n\t\t\t\t<div class=\"elementor-widget-container\">\n\t\t\t\t\t\t\t<div class=\"elementor-icon-wrapper\">\n\t\t\t<a class=\"elementor-icon\" href=\"https:\/\/www.instagram.com\/marsalaalimentos\/\">\n\t\t\t<svg aria-hidden=\"true\" class=\"e-font-icon-svg e-fab-instagram\" viewBox=\"0 0 448 512\" xmlns=\"http:\/\/www.w3.org\/2000\/svg\"><path d=\"M224.1 141c-63.6 0-114.9 51.3-114.9 114.9s51.3 114.9 114.9 114.9S339 319.5 339 255.9 287.7 141 224.1 141zm0 189.6c-41.1 0-74.7-33.5-74.7-74.7s33.5-74.7 74.7-74.7 74.7 33.5 74.7 74.7-33.6 74.7-74.7 74.7zm146.4-194.3c0 14.9-12 26.8-26.8 26.8-14.9 0-26.8-12-26.8-26.8s12-26.8 26.8-26.8 26.8 12 26.8 26.8zm76.1 27.2c-1.7-35.9-9.9-67.7-36.2-93.9-26.2-26.2-58-34.4-93.9-36.2-37-2.1-147.9-2.1-184.9 0-35.8 1.7-67.6 9.9-93.9 36.1s-34.4 58-36.2 93.9c-2.1 37-2.1 147.9 0 184.9 1.7 35.9 9.9 67.7 36.2 93.9s58 34.4 93.9 36.2c37 2.1 147.9 2.1 184.9 0 35.9-1.7 67.7-9.9 93.9-36.2 26.2-26.2 34.4-58 36.2-93.9 2.1-37 2.1-147.8 0-184.8zM398.8 388c-7.8 19.6-22.9 34.7-42.6 42.6-29.5 11.7-99.5 9-132.1 9s-102.7 2.6-132.1-9c-19.6-7.8-34.7-22.9-42.6-42.6-11.7-29.5-9-99.5-9-132.1s-2.6-102.7 9-132.1c7.8-19.6 22.9-34.7 42.6-42.6 29.5-11.7 99.5-9 132.1-9s102.7-2.6 132.1 9c19.6 7.8 34.7 22.9 42.6 42.6 11.7 29.5 9 99.5 9 132.1s2.7 102.7-9 132.1z\"><\/path><\/svg>\t\t\t<\/a>\n\t\t<\/div>\n\t\t\t\t\t\t<\/div>\n\t\t\t\t<\/div>\n\t\t\t\t<\/div>\n\t\t<div class=\"elementor-element elementor-element-0bda645 e-con-full e-flex e-con e-child\" data-id=\"0bda645\" data-element_type=\"container\">\n\t\t\t\t<div class=\"elementor-element elementor-element-b368b62 elementor-widget__width-inherit elementor-widget elementor-widget-text-editor\" data-id=\"b368b62\" data-element_type=\"widget\" data-widget_type=\"text-editor.default\">\n\t\t\t\t<div class=\"elementor-widget-container\">\n\t\t\t\t\t\t\t\t\t<p><b>Endere\u00e7o:<\/b> Rua Nutrella, 557<br><b>Telefone:<\/b> (51) 3497.2394<br><b>E-mail:<\/b> contato@marsala.com.br<\/p>\t\t\t\t\t\t\t\t<\/div>\n\t\t\t\t<\/div>\n\t\t\t\t<\/div>\n\t\t\t\t<\/div>\n\t\t\t\t\t<\/div>\n\t\t\t\t<\/div>\n\t\t<div class=\"elementor-element elementor-element-512e0b0 e-con-full e-flex e-con e-parent\" data-id=\"512e0b0\" data-element_type=\"container\" data-settings=\"{&quot;background_background&quot;:&quot;classic&quot;}\">\n\t\t\t\t<div class=\"elementor-element elementor-element-c687e9a elementor-widget elementor-widget-text-editor\" data-id=\"c687e9a\" data-element_type=\"widget\" data-widget_type=\"text-editor.default\">\n\t\t\t\t<div class=\"elementor-widget-container\">\n\t\t\t\t\t\t\t\t\t<p>\u00a9 2025 Marsala. Todos os direitos reservados<\/p>\t\t\t\t\t\t\t\t<\/div>\n\t\t\t\t<\/div>\n\t\t\t\t<\/div>\n\t\t\t\t<\/div>\n\t\t","protected":false},"excerpt":{"rendered":"<p>In\u00edcio Sobre Produtos Contato Transpar\u00eancia PT EN Diversas Massas Recheadas Nhoque de Batata, Ravioli de 4 Queijos, Frango, Capeleti de Carne, entre outros sabores. Nhoque de batata 500g Ravioli de 4 queijos 250g Capeleti de frango 250g Capeleti de carne 250g Outros Produtos P\u00e3o de Alho tradicional 450g P\u00e3o de alho picante 450g Experimente e [&hellip;]<\/p>\n","protected":false},"author":1,"featured_media":0,"parent":0,"menu_order":0,"comment_status":"closed","ping_status":"closed","template":"elementor_canvas","meta":{"footnotes":""},"class_list":["post-12","page","type-page","status-publish","hentry"],"_links":{"self":[{"href":"https:\/\/marsala.com.br\/index.php\/wp-json\/wp\/v2\/pages\/12","targetHints":{"allow":["GET"]}}],"collection":[{"href":"https:\/\/marsala.com.br\/index.php\/wp-json\/wp\/v2\/pages"}],"about":[{"href":"https:\/\/marsala.com.br\/index.php\/wp-json\/wp\/v2\/types\/page"}],"author":[{"embeddable":true,"href":"https:\/\/marsala.com.br\/index.php\/wp-json\/wp\/v2\/users\/1"}],"replies":[{"embeddable":true,"href":"https:\/\/marsala.com.br\/index.php\/wp-json\/wp\/v2\/comments?post=12"}],"version-history":[{"count":33,"href":"https:\/\/marsala.com.br\/index.php\/wp-json\/wp\/v2\/pages\/12\/revisions"}],"predecessor-version":[{"id":771,"href":"https:\/\/marsala.com.br\/index.php\/wp-json\/wp\/v2\/pages\/12\/revisions\/771"}],"wp:attachment":[{"href":"https:\/\/marsala.com.br\/index.php\/wp-json\/wp\/v2\/media?parent=12"}],"curies":[{"name":"wp","href":"https:\/\/api.w.org\/{rel}","templated":true}]}}